{"id":175,"date":"2024-05-08T14:25:40","date_gmt":"2024-05-08T18:25:40","guid":{"rendered":"https:\/\/saintjude.swlauriersb.qc.ca\/staff\/"},"modified":"2025-01-06T10:50:42","modified_gmt":"2025-01-06T15:50:42","slug":"personnel","status":"publish","type":"page","link":"https:\/\/saintjude.swlauriersb.qc.ca\/fr\/notre-ecole-a-propos\/personnel\/","title":{"rendered":"Personnel"},"content":{"rendered":"\n<section class=\"wp-block-vortex-blocks-section-background alignfull section-background-block has-white-color has-teal-700-background-color has-text-color has-background has-link-color wp-elements-61a52df8b9bdd164e137cc0241e5e527\"><div class=\"section-background-block__inner\"><div class=\"section-background-block__heading\"><div class=\"section-background-block__heading__col section-background-block__heading__col--content\"><p class=\"is-style-suptitle section-suptitle\">NOTRE \u00c9COLE<\/p><h2 class=\"section-title\">Notre personnel<\/h2><\/div><div class=\"section-background-block__heading__col section-background-block__heading__col--illustration\"><div class=\"section-background-block__illustration section-illustration\" data-illustration=\"books\"><\/div><\/div><\/div>\n<div class=\"wp-block-columns is-layout-flex wp-container-core-columns-is-layout-1 wp-block-columns-is-layout-flex\">\n<div class=\"wp-block-column is-layout-flow wp-block-column-is-layout-flow\">\n<h4 class=\"wp-block-heading is-style-team-member-name has-white-color has-text-color has-link-color wp-elements-7089ed00af8e9aa8fb5a8439c1c4ef2d\">Blanchette, Sarah<\/h4>\n\n\n\n<p class=\"has-white-color has-text-color has-link-color wp-elements-2e068bd09ae30634b5c0bf93758e543a\">Directrice<\/p>\n<\/div>\n\n\n\n<div class=\"wp-block-column is-layout-flow wp-block-column-is-layout-flow\">\n<h4 class=\"wp-block-heading is-style-team-member-name has-white-color has-text-color has-link-color wp-elements-68db8781d4af0a27b0490358eddfda61\">Tiramola, Elpiniki<\/h4>\n\n\n\n<p class=\"has-white-color has-text-color has-link-color wp-elements-5058150a3e7decb30e79bb415a9a25ad\">Secr\u00e9taire d\u2019\u00e9cole<\/p>\n<\/div>\n\n\n\n<div class=\"wp-block-column is-layout-flow wp-block-column-is-layout-flow\">\n<h4 class=\"wp-block-heading is-style-team-member-name has-white-color has-text-color has-link-color wp-elements-57bbdeeb4af94fce8d778cd18d3905c6\">Weddle Klimas, Patty<\/h4>\n\n\n\n<p class=\"has-white-color has-text-color has-link-color wp-elements-728f4dd618e4193f77a8edd0c12d12f0\">Secr\u00e9taire<\/p>\n<\/div>\n\n\n\n<div class=\"wp-block-column is-layout-flow wp-block-column-is-layout-flow\">\n<h4 class=\"wp-block-heading is-style-team-member-name has-white-color has-text-color has-link-color wp-elements-16a3c0ff3a9b161a18f1f64b9f20827b\">Glover, Patricia<\/h4>\n\n\n\n<p class=\"has-white-color has-text-color has-link-color wp-elements-0cb8c364e1d8ca1fc98245a2dec845d8\">Biblioth\u00e9caire<\/p>\n<\/div>\n<\/div>\n\n\n\n<div class=\"wp-block-columns is-layout-flex wp-container-core-columns-is-layout-2 wp-block-columns-is-layout-flex\">\n<div class=\"wp-block-column is-layout-flow wp-block-column-is-layout-flow\">\n<h4 class=\"wp-block-heading is-style-team-member-name has-white-color has-text-color has-link-color wp-elements-7d1877491cbbbfb1fd9b6dde0441ec67\">Pavelko, Elizabeth<\/h4>\n\n\n\n<p class=\"has-white-color has-text-color has-link-color wp-elements-a1c9ff531cc09c3069b9199d16843f27\">Enseignante \u2013 Maternelle 4 ans<\/p>\n<\/div>\n\n\n\n<div class=\"wp-block-column is-layout-flow wp-block-column-is-layout-flow\">\n<h4 class=\"wp-block-heading is-style-team-member-name has-white-color has-text-color has-link-color wp-elements-2d7a2fd99127710a3e74c97187c5f524\">Ackad, Jennifer<\/h4>\n\n\n\n<p class=\"has-white-color has-text-color has-link-color wp-elements-a1c9ff531cc09c3069b9199d16843f27\">Enseignante \u2013 Maternelle 4 ans<\/p>\n<\/div>\n\n\n\n<div class=\"wp-block-column is-layout-flow wp-block-column-is-layout-flow\">\n<h4 class=\"wp-block-heading is-style-team-member-name has-white-color has-text-color has-link-color wp-elements-1b9729d8192d0a47c7af5f887ede7fe2\">Larrissey, Sharon<\/h4>\n\n\n\n<p class=\"has-white-color has-text-color has-link-color wp-elements-b3a6d389635df2f4169876bcd85026bd\">Enseignante \u2013 Maternelle 5 ans<\/p>\n<\/div>\n\n\n\n<div class=\"wp-block-column is-layout-flow wp-block-column-is-layout-flow\">\n<h4 class=\"wp-block-heading is-style-team-member-name has-white-color has-text-color has-link-color wp-elements-0b95b69d031448a45f20f5c67ae78644\">Cameron, Alexandra<\/h4>\n\n\n\n<p class=\"has-white-color has-text-color has-link-color wp-elements-b3a6d389635df2f4169876bcd85026bd\">Enseignante \u2013 Maternelle 5 ans<\/p>\n<\/div>\n<\/div>\n\n\n\n<div class=\"wp-block-columns is-layout-flex wp-container-core-columns-is-layout-3 wp-block-columns-is-layout-flex\">\n<div class=\"wp-block-column is-layout-flow wp-block-column-is-layout-flow\">\n<h4 class=\"wp-block-heading is-style-team-member-name has-white-color has-text-color has-link-color wp-elements-9b3f60ca73a652f047dc7deec8f09de6\">Prudente-Muniz, Valentina<\/h4>\n\n\n\n<p class=\"has-white-color has-text-color has-link-color wp-elements-950c754e2bd85fa3910b255de7dfba16\">Enseignante \u2013 1<sup>er<\/sup> Cycle &#8211; Premi\u00e8re ann\u00e9e<\/p>\n<\/div>\n\n\n\n<div class=\"wp-block-column is-layout-flow wp-block-column-is-layout-flow\">\n<h4 class=\"wp-block-heading is-style-team-member-name has-white-color has-text-color has-link-color wp-elements-54311702baed279706f2ee0f195dd3ce\">Lama, Bryanna<\/h4>\n\n\n\n<p class=\"has-white-color has-text-color has-link-color wp-elements-5337ab5888ba503b73a57425b5553a13\">Enseignante \u2013 1<sup>er<\/sup> Cycle &#8211; Premi\u00e8re ann\u00e9e <\/p>\n<\/div>\n\n\n\n<div class=\"wp-block-column is-layout-flow wp-block-column-is-layout-flow\">\n<h4 class=\"wp-block-heading is-style-team-member-name has-white-color has-text-color has-link-color wp-elements-8104f8664dd3ea82e65418134355ba11\">Groulx, Mandy<\/h4>\n\n\n\n<p class=\"has-white-color has-text-color has-link-color wp-elements-427680c1071d0d17f43548b04bc1cdba\">Enseignante \u2013 1<sup>er<\/sup> Cycle &#8211; Deuxi\u00e8me ann\u00e9e<\/p>\n<\/div>\n\n\n\n<div class=\"wp-block-column is-layout-flow wp-block-column-is-layout-flow\">\n<h4 class=\"wp-block-heading is-style-team-member-name has-white-color has-text-color has-link-color wp-elements-cb6a22eb4c32e7c0dd77fdc8766ea575\">Fecteau, Amy<\/h4>\n\n\n\n<p class=\"has-white-color has-text-color has-link-color wp-elements-427680c1071d0d17f43548b04bc1cdba\">Enseignante \u2013 1<sup>er<\/sup> Cycle &#8211; Deuxi\u00e8me ann\u00e9e<\/p>\n<\/div>\n<\/div>\n\n\n\n<div class=\"wp-block-columns is-layout-flex wp-container-core-columns-is-layout-4 wp-block-columns-is-layout-flex\">\n<div class=\"wp-block-column is-layout-flow wp-block-column-is-layout-flow\">\n<h4 class=\"wp-block-heading is-style-team-member-name has-white-color has-text-color has-link-color wp-elements-fddd641e335120b735d20085b21e6c16\">D&#8217;Amora, Diana<\/h4>\n\n\n\n<p class=\"has-white-color has-text-color has-link-color wp-elements-0d7ebcc64af3e323a9cdadb51d40cdcf\">Enseignante \u2013 2<sup>e<\/sup> Cycle &#8211; Troisi\u00e8me ann\u00e9e<\/p>\n<\/div>\n\n\n\n<div class=\"wp-block-column is-layout-flow wp-block-column-is-layout-flow\">\n<h4 class=\"wp-block-heading is-style-team-member-name has-white-color has-text-color has-link-color wp-elements-a7375fab70cd16f0981a9bbd7254d6b4\">Millington, Vanessa<\/h4>\n\n\n\n<p class=\"has-white-color has-text-color has-link-color wp-elements-0d7ebcc64af3e323a9cdadb51d40cdcf\">Enseignante \u2013 2<sup>e<\/sup> Cycle &#8211; Troisi\u00e8me ann\u00e9e<\/p>\n<\/div>\n\n\n\n<div class=\"wp-block-column is-layout-flow wp-block-column-is-layout-flow\">\n<h4 class=\"wp-block-heading is-style-team-member-name has-white-color has-text-color has-link-color wp-elements-bb3908db1b8fc863535f5da499e125ab\">Alvaro, Michela<\/h4>\n\n\n\n<p class=\"has-white-color has-text-color has-link-color wp-elements-a0767669cf17ae6558ef3d9a30a6529b\">Enseignante \u2013 2<sup>e<\/sup> Cycle &#8211; Quatri\u00e8me ann\u00e9e<\/p>\n<\/div>\n\n\n\n<div class=\"wp-block-column is-layout-flow wp-block-column-is-layout-flow\">\n<h4 class=\"wp-block-heading is-style-team-member-name has-white-color has-text-color has-link-color wp-elements-4c39c29b449b766eee646f13c2a48aa7\">Kers, Chantal<\/h4>\n\n\n\n<p class=\"has-white-color has-text-color has-link-color wp-elements-acad800b51a639a09b22df76e68629b5\">Enseignante \u2013 2<sup>e<\/sup> Cycle &#8211; Cinqui\u00e8me ann\u00e9e<\/p>\n<\/div>\n<\/div>\n\n\n\n<div class=\"wp-block-columns is-layout-flex wp-container-core-columns-is-layout-5 wp-block-columns-is-layout-flex\">\n<div class=\"wp-block-column is-layout-flow wp-block-column-is-layout-flow\">\n<h4 class=\"wp-block-heading is-style-team-member-name has-white-color has-text-color has-link-color wp-elements-7ee6deab7261e9368963c1a8a03612ee\">Bailey, Nadia<\/h4>\n\n\n\n<p class=\"has-white-color has-text-color has-link-color wp-elements-9c8824e22c20c9513a47751bec4e97ea\">Enseignante \u2013 3<sup>e<\/sup> Cycle &#8211; Cinqui\u00e8me ann\u00e9e<\/p>\n<\/div>\n\n\n\n<div class=\"wp-block-column is-layout-flow wp-block-column-is-layout-flow\">\n<h4 class=\"wp-block-heading is-style-team-member-name has-white-color has-text-color has-link-color wp-elements-0f6358035a1c3f2bd5b8fc4615eed31c\">Nakhleh, Michline<\/h4>\n\n\n\n<p class=\"has-white-color has-text-color has-link-color wp-elements-d3e31374c70e36d6de28d84bc8048b09\">Enseignante &#8211; FLS \u2013 2<sup>e<\/sup> Cycle<\/p>\n<\/div>\n\n\n\n<div class=\"wp-block-column is-layout-flow wp-block-column-is-layout-flow\">\n<h4 class=\"wp-block-heading is-style-team-member-name has-white-color has-text-color has-link-color wp-elements-2250fc835fce225586d41771bb5d0916\">Mann, Keena<\/h4>\n\n\n\n<p class=\"has-white-color has-text-color has-link-color wp-elements-a1377eb488b8f469904042e39e7af1f4\">Enseignante \u2013 3<sup>e<\/sup> Cycle &#8211; Sixi\u00e8me ann\u00e9e&nbsp;&nbsp;&nbsp;&nbsp;&nbsp;&nbsp;&nbsp;&nbsp;&nbsp;&nbsp;&nbsp;<\/p>\n<\/div>\n\n\n\n<div class=\"wp-block-column is-layout-flow wp-block-column-is-layout-flow\">\n<h4 class=\"wp-block-heading is-style-team-member-name has-white-color has-text-color has-link-color wp-elements-5a5a8b02831c88201caa2d2eaf070dd8\">Toth, Crystal<\/h4>\n\n\n\n<p class=\"has-white-color has-text-color has-link-color wp-elements-a1377eb488b8f469904042e39e7af1f4\">Enseignante \u2013 3<sup>e<\/sup> Cycle &#8211; Sixi\u00e8me ann\u00e9e&nbsp;&nbsp;&nbsp;&nbsp;&nbsp;&nbsp;&nbsp;&nbsp;&nbsp;&nbsp;&nbsp;<\/p>\n<\/div>\n<\/div>\n\n\n\n<div class=\"wp-block-columns is-layout-flex wp-container-core-columns-is-layout-6 wp-block-columns-is-layout-flex\">\n<div class=\"wp-block-column is-layout-flow wp-block-column-is-layout-flow\">\n<h4 class=\"wp-block-heading is-style-team-member-name has-white-color has-text-color has-link-color wp-elements-3038159207796c751554b4c1f819d6f9\">Locas, Caroline<\/h4>\n\n\n\n<p class=\"has-white-color has-text-color has-link-color wp-elements-9e99147f2a0b1c2e115eb47853626bbe\">Enseignante &#8211; FLS \u2013 3<sup>e<\/sup> Cycle<\/p>\n<\/div>\n\n\n\n<div class=\"wp-block-column is-layout-flow wp-block-column-is-layout-flow\">\n<h4 class=\"wp-block-heading is-style-team-member-name has-white-color has-text-color has-link-color wp-elements-b1ede9ffdfd99590c73f1fe36cdbc4ca\">Raymond, \u00c9milie<\/h4>\n\n\n\n<p class=\"has-white-color has-text-color has-link-color wp-elements-365515d35e9a7541ae1e8356bb3872c1\">Enseignante &#8211; FLS \u2013 1<sup>er<\/sup> Cycle<\/p>\n<\/div>\n\n\n\n<div class=\"wp-block-column is-layout-flow wp-block-column-is-layout-flow\">\n<h4 class=\"wp-block-heading is-style-team-member-name has-white-color has-text-color has-link-color wp-elements-8564dcc8f70495a96fd818d33353feb1\">Guy, JessyZachary<\/h4>\n\n\n\n<p class=\"has-white-color has-text-color has-link-color wp-elements-e7dd78b696ec576db875f743e5084403\">Enseignante &#8211; Arts Plastiques &amp; Musique \u2013 1<sup>er<\/sup> Cycle<\/p>\n<\/div>\n\n\n\n<div class=\"wp-block-column is-layout-flow wp-block-column-is-layout-flow\">\n<h4 class=\"wp-block-heading is-style-team-member-name has-white-color has-text-color has-link-color wp-elements-6618f65f39e3e8594035aa116abe3236\">Desmarais, Francesca<\/h4>\n\n\n\n<p class=\"has-white-color has-text-color has-link-color wp-elements-68e9db37909f2005a3ad32560700cef8\">Enseignante- Ressource<\/p>\n<\/div>\n<\/div>\n\n\n\n<div class=\"wp-block-columns is-layout-flex wp-container-core-columns-is-layout-7 wp-block-columns-is-layout-flex\">\n<div class=\"wp-block-column is-layout-flow wp-block-column-is-layout-flow\">\n<h4 class=\"wp-block-heading is-style-team-member-name has-white-color has-text-color has-link-color wp-elements-2c4f33bac3f67227fc8a3dd5b01c5229\">Renda, Kelsie<\/h4>\n\n\n\n<p class=\"has-white-color has-text-color has-link-color wp-elements-68e9db37909f2005a3ad32560700cef8\">Enseignante- Ressource<\/p>\n<\/div>\n\n\n\n<div class=\"wp-block-column is-layout-flow wp-block-column-is-layout-flow\">\n<h4 class=\"wp-block-heading is-style-team-member-name has-white-color has-text-color has-link-color wp-elements-1cc4bc3a899332e217a6f819d372f100\">Racine, St\u00e9phanie<\/h4>\n\n\n\n<p class=\"has-white-color has-text-color has-link-color wp-elements-b2a1e5bbcff06c1d039f18d7e60f47d8\">Enseignante d\u2019\u00e9ducation physique<\/p>\n<\/div>\n\n\n\n<div class=\"wp-block-column is-layout-flow wp-block-column-is-layout-flow\">\n<h4 class=\"wp-block-heading is-style-team-member-name has-white-color has-text-color has-link-color wp-elements-a636931698898dcad561890ca7b7860f\">Fordham, Cheryl<\/h4>\n\n\n\n<p class=\"has-white-color has-text-color has-link-color wp-elements-2a5792bd971fd68d90d01daf6eb69655\">Technicienne en \u00e9ducation sp\u00e9cialis\u00e9e<\/p>\n<\/div>\n\n\n\n<div class=\"wp-block-column is-layout-flow wp-block-column-is-layout-flow\">\n<h4 class=\"wp-block-heading is-style-team-member-name has-white-color has-text-color has-link-color wp-elements-b65525d739ea600389052374ab0e46b3\">Jacobs, Wendy<\/h4>\n\n\n\n<p class=\"has-white-color has-text-color has-link-color wp-elements-7d397cae4c6c91796bff7d74c71846c1\">Pr\u00e9pos\u00e9e<\/p>\n<\/div>\n<\/div>\n\n\n\n<div class=\"wp-block-columns is-layout-flex wp-container-core-columns-is-layout-8 wp-block-columns-is-layout-flex\">\n<div class=\"wp-block-column is-layout-flow wp-block-column-is-layout-flow\">\n<h4 class=\"wp-block-heading is-style-team-member-name has-white-color has-text-color has-link-color wp-elements-b57d4c7d966075c651e7c80a7d082f3a\">McCartney, Sheryl<\/h4>\n\n\n\n<p class=\"has-white-color has-text-color has-link-color wp-elements-eef60078fe894a6c8583e033511e25f3\">\u00c9ducatrice en service de garde<\/p>\n<\/div>\n\n\n\n<div class=\"wp-block-column is-layout-flow wp-block-column-is-layout-flow\">\n<h4 class=\"wp-block-heading is-style-team-member-name has-white-color has-text-color has-link-color wp-elements-98b7280a1e2fb65ed16608a7834f337f\">Dupuis, Sharon<\/h4>\n\n\n\n<p class=\"has-white-color has-text-color has-link-color wp-elements-eef60078fe894a6c8583e033511e25f3\">\u00c9ducatrice en service de garde<\/p>\n<\/div>\n\n\n\n<div class=\"wp-block-column is-layout-flow wp-block-column-is-layout-flow\">\n<h4 class=\"wp-block-heading is-style-team-member-name has-white-color has-text-color has-link-color wp-elements-15fa4875b5f882acacb24a7822b5abb4\">Lyng, Trisha<\/h4>\n\n\n\n<p class=\"has-white-color has-text-color has-link-color wp-elements-b9e771365f1a783616d95e92dd2f1a03\">Technicien en service de garde<\/p>\n<\/div>\n\n\n\n<div class=\"wp-block-column is-layout-flow wp-block-column-is-layout-flow\">\n<h4 class=\"wp-block-heading is-style-team-member-name has-white-color has-text-color has-link-color wp-elements-a35b7f7d0241037507ab284673fdf6d6\">Groulx, Melissa<\/h4>\n\n\n\n<p class=\"has-white-color has-text-color has-link-color wp-elements-7d397cae4c6c91796bff7d74c71846c1\">Pr\u00e9pos\u00e9e<\/p>\n<\/div>\n<\/div>\n\n\n\n<div class=\"wp-block-columns is-layout-flex wp-container-core-columns-is-layout-9 wp-block-columns-is-layout-flex\">\n<div class=\"wp-block-column is-layout-flow wp-block-column-is-layout-flow\">\n<h4 class=\"wp-block-heading is-style-team-member-name has-white-color has-text-color has-link-color wp-elements-8bb99eb634bc758e025d0afa3d95b5ff\">Geraghty, Carla<\/h4>\n\n\n\n<p class=\"has-white-color has-text-color has-link-color wp-elements-7d397cae4c6c91796bff7d74c71846c1\">Pr\u00e9pos\u00e9e<\/p>\n<\/div>\n\n\n\n<div class=\"wp-block-column is-layout-flow wp-block-column-is-layout-flow\">\n<h4 class=\"wp-block-heading is-style-team-member-name has-white-color has-text-color has-link-color wp-elements-27dfd213719dacf33e421fa3af526bf0\">Lavall\u00e9e, Diane<\/h4>\n\n\n\n<p class=\"has-white-color has-text-color has-link-color wp-elements-506cd61dce980ce349745a3e9cfc33ef\">Concierge (jour)&nbsp;&nbsp;&nbsp;&nbsp;&nbsp;&nbsp;&nbsp;&nbsp;&nbsp;&nbsp;<\/p>\n<\/div>\n\n\n\n<div class=\"wp-block-column is-layout-flow wp-block-column-is-layout-flow\">\n<h4 class=\"wp-block-heading is-style-team-member-name has-white-color has-text-color has-link-color wp-elements-3056f78ec699c3cb75465ac6171cb920\">Collison, Jade<\/h4>\n\n\n\n<p class=\"has-white-color has-text-color has-link-color wp-elements-040d3fb17c77d60a661714856f088442\">Concierge (soir)&nbsp;&nbsp;&nbsp;&nbsp;&nbsp;&nbsp;&nbsp;&nbsp;&nbsp;&nbsp;<\/p>\n<\/div>\n\n\n\n<div class=\"wp-block-column is-layout-flow wp-block-column-is-layout-flow\">\n<h4 class=\"wp-block-heading is-style-team-member-name has-white-color has-text-color has-link-color wp-elements-680433e3913370c28b7830c70d700d51\"><\/h4>\n\n\n\n<p class=\"has-white-color has-text-color has-link-color wp-elements-c645e628e62f8fbab9d9726851472d16\"><\/p>\n<\/div>\n<\/div>\n<\/div><\/section>\n","protected":false},"excerpt":{"rendered":"","protected":false},"author":1,"featured_media":640,"parent":177,"menu_order":0,"comment_status":"closed","ping_status":"closed","template":"","meta":{"_acf_changed":false,"_relevanssi_hide_post":"","_relevanssi_hide_content":"","_relevanssi_pin_for_all":"","_relevanssi_pin_keywords":"","_relevanssi_unpin_keywords":"","_relevanssi_related_keywords":"","_relevanssi_related_include_ids":"","_relevanssi_related_exclude_ids":"","_relevanssi_related_no_append":"","_relevanssi_related_not_related":"","_relevanssi_related_posts":"","_relevanssi_noindex_reason":"","footnotes":""},"acf":[],"_links":{"self":[{"href":"https:\/\/saintjude.swlauriersb.qc.ca\/fr\/wp-json\/wp\/v2\/pages\/175"}],"collection":[{"href":"https:\/\/saintjude.swlauriersb.qc.ca\/fr\/wp-json\/wp\/v2\/pages"}],"about":[{"href":"https:\/\/saintjude.swlauriersb.qc.ca\/fr\/wp-json\/wp\/v2\/types\/page"}],"author":[{"embeddable":true,"href":"https:\/\/saintjude.swlauriersb.qc.ca\/fr\/wp-json\/wp\/v2\/users\/1"}],"replies":[{"embeddable":true,"href":"https:\/\/saintjude.swlauriersb.qc.ca\/fr\/wp-json\/wp\/v2\/comments?post=175"}],"version-history":[{"count":4,"href":"https:\/\/saintjude.swlauriersb.qc.ca\/fr\/wp-json\/wp\/v2\/pages\/175\/revisions"}],"predecessor-version":[{"id":624,"href":"https:\/\/saintjude.swlauriersb.qc.ca\/fr\/wp-json\/wp\/v2\/pages\/175\/revisions\/624"}],"up":[{"embeddable":true,"href":"https:\/\/saintjude.swlauriersb.qc.ca\/fr\/wp-json\/wp\/v2\/pages\/177"}],"wp:featuredmedia":[{"embeddable":true,"href":"https:\/\/saintjude.swlauriersb.qc.ca\/fr\/wp-json\/wp\/v2\/media\/640"}],"wp:attachment":[{"href":"https:\/\/saintjude.swlauriersb.qc.ca\/fr\/wp-json\/wp\/v2\/media?parent=175"}],"curies":[{"name":"wp","href":"https:\/\/api.w.org\/{rel}","templated":true}]}}